{"id":3172,"date":"2016-08-16T13:37:00","date_gmt":"2016-08-16T12:37:00","guid":{"rendered":"http:\/\/10.20.111.51\/pivert\/?page_id=3172"},"modified":"2022-02-04T12:09:49","modified_gmt":"2022-02-04T11:09:49","slug":"rencontres-territoriales-2","status":"publish","type":"page","link":"https:\/\/piver-hauts-de-france.org\/?page_id=3172","title":{"rendered":"Rencontres territoriales"},"content":{"rendered":"<p>Les rencontres sont programm\u00e9es dans les territoires d&rsquo;action pour mettre en place une \u00e9coute locale des besoins d&rsquo;informations statistiques et d&rsquo;\u00e9tudes. Con\u00e7ues comme un espace de dialogue, les rencontres territoriales apportent un relais pour renforcer la diffusion des connaissances produites \u00e0 une \u00e9chelle r\u00e9gionale et locale.<\/p>\n<p>L&rsquo;esprit des rencontres : croiser les regards selon les \u00e9chelles d&rsquo;action et comparer les espaces entre eux.<\/p>\n\n\n<aside id=\"RT11Reserv\" class=\"wp-container-1 wp-block-group has-black-color has-text-color has-background\" style=\"background-color:#9acd32\"><div class=\"wp-block-group__inner-container\"><\/div><\/aside>\n\n\n\n<div class=\"wp-block-amelia-events-gutenberg-block\"><script>\n  if (typeof hasAmeliaEvent === 'undefined') {\n    var hasAmeliaEvent = true;\n  }\n  if (typeof hasEventApiCall === 'undefined' && '' === '') {\n    var hasEventApiCall = true;\n  }\n  var hasEventShortcode = (typeof hasEventShortcode === 'undefined') ? false : true;\n  var bookingEntitiesIds = (typeof bookingEntitiesIds === 'undefined') ? [] : bookingEntitiesIds;\n  bookingEntitiesIds.push(\n    {\n      'hasApiCall': (typeof hasEventApiCall !== 'undefined') && hasEventApiCall,\n      'trigger': '',\n      'counter': '0',\n        'employee': '',\n      'eventId': '',\n      'eventRecurring': 0,\n      'eventTag': ''\n    }\n  );\n  var lazyBookingEntitiesIds = (typeof lazyBookingEntitiesIds === 'undefined') ? [] : lazyBookingEntitiesIds;\n  if (bookingEntitiesIds[bookingEntitiesIds.length - 1].trigger !== '') {\n    lazyBookingEntitiesIds.push(bookingEntitiesIds.pop());\n  }\n  if (typeof hasEventApiCall !== 'undefined' && hasEventApiCall) {\n    hasEventApiCall = false;\n  }\n<\/script>\n\n<div id=\"amelia-app-booking0\" class=\"amelia-service amelia-frontend amelia-app-booking\">\n    <events-list><\/events-list><\/div>\n<\/div>\n","protected":false},"excerpt":{"rendered":"<p>Les rencontres sont programm\u00e9es dans les territoires d&rsquo;action pour mettre en place une \u00e9coute locale des besoins d&rsquo;informations statistiques et d&rsquo;\u00e9tudes. Con\u00e7ues comme un espace de dialogue, les rencontres territoriales apportent un relais pour renforcer la diffusion des connaissances produites \u00e0 une \u00e9chelle r\u00e9gionale et locale. L&rsquo;esprit des rencontres : croiser les regards selon les [&hellip;]<\/p>\n","protected":false},"author":1,"featured_media":0,"parent":0,"menu_order":0,"comment_status":"closed","ping_status":"closed","template":"template-meeting-t.php","meta":[],"_links":{"self":[{"href":"https:\/\/piver-hauts-de-france.org\/index.php?rest_route=\/wp\/v2\/pages\/3172"}],"collection":[{"href":"https:\/\/piver-hauts-de-france.org\/index.php?rest_route=\/wp\/v2\/pages"}],"about":[{"href":"https:\/\/piver-hauts-de-france.org\/index.php?rest_route=\/wp\/v2\/types\/page"}],"author":[{"embeddable":true,"href":"https:\/\/piver-hauts-de-france.org\/index.php?rest_route=\/wp\/v2\/users\/1"}],"replies":[{"embeddable":true,"href":"https:\/\/piver-hauts-de-france.org\/index.php?rest_route=%2Fwp%2Fv2%2Fcomments&post=3172"}],"version-history":[{"count":12,"href":"https:\/\/piver-hauts-de-france.org\/index.php?rest_route=\/wp\/v2\/pages\/3172\/revisions"}],"predecessor-version":[{"id":11016,"href":"https:\/\/piver-hauts-de-france.org\/index.php?rest_route=\/wp\/v2\/pages\/3172\/revisions\/11016"}],"wp:attachment":[{"href":"https:\/\/piver-hauts-de-france.org\/index.php?rest_route=%2Fwp%2Fv2%2Fmedia&parent=3172"}],"curies":[{"name":"wp","href":"https:\/\/api.w.org\/{rel}","templated":true}]}}