{"id":3040,"date":"2016-06-20T10:24:22","date_gmt":"2016-06-20T09:24:22","guid":{"rendered":"http:\/\/localhost\/pivert\/?page_id=3040"},"modified":"2025-09-26T17:21:13","modified_gmt":"2025-09-26T16:21:13","slug":"qui-sommes-nous","status":"publish","type":"page","link":"https:\/\/piver-hauts-de-france.org\/?page_id=3040","title":{"rendered":"Description"},"content":{"rendered":"<p class=\"Normal\"><span class=\"Normal__Char\">La plateforme d&rsquo;information et de valorisation des \u00e9tudes dans la r\u00e9gion (piver) est une instance de concertation ouverte \u00e0 l&rsquo;ensemble des institutions publiques qui \u0153uvrent dans les domaines de l&rsquo;observation et de l&rsquo;analyse socio-\u00e9conomique en Hauts-de-France, par la mise en r\u00e9seau de leurs savoirs et de leurs travaux. Services de l\u2019\u00c9tat, collectivit\u00e9s territoriales, chambres consulaires, agences d&rsquo;urbanisme, observatoires partenariaux : tous sont convi\u00e9s \u00e0 participer<\/span><\/p>\n<p>\u00a0<\/p>\n<h1 class=\"Titre_00201\">Nos ambitions<\/h1>\n<p>\u00a0<\/p>\n<ul>\n<li class=\"Normal\">\u00c9couter les besoins territoriaux et r\u00e9gionaux relatifs \u00e0 la connaissance des espaces et de la nouvelle r\u00e9gion des Hauts-de-France.<\/li>\n<li class=\"Normal\">Favoriser la coordination des producteurs de connaissances, en d\u00e9veloppant la concertation et les \u00e9changes \u00e0 des \u00e9chelles g\u00e9ographiques diverses.<\/li>\n<li class=\"Normal\">Apporter des premi\u00e8res r\u00e9ponses aux acteurs publics et les orienter aupr\u00e8s des institutions expertes dans les domaines ou dans les \u00e9chelles d&rsquo;action concern\u00e9es.<\/li>\n<li class=\"Normal\"><span class=\"Normal__Char\">Mutualiser les savoirs produits par les structures d&rsquo;observation en<\/span><span class=\"Normal__Char\"> r\u00e9gion des Hauts-de-France, tout en respectant la diversit\u00e9 des sources et la richesse des travaux conduits.<\/span><\/li>\n<li class=\"Normal\"><span class=\"Normal__Char\">Acc\u00e9l\u00e9rer la transmission des informations<\/span><span class=\"Normal__Char\">, avec une actualisation continue des \u00e9tudes et travaux publi\u00e9s, et des \u00e9v\u00e9nements \u00e0 venir.<\/span><\/li>\n<\/ul>\n<p>\u00a0<\/p>\n<p>\u00a0<\/p>\n<center><span class=\"dash00c9lev_00e9__Char\"><img src=\"http:\/\/piver-hauts-de-france.org\/wp-content\/uploads\/2017\/11\/logo-prefecture-233x300.jpg\" alt=\"logo prefecture\" width=\"120\" \/><img loading=\"lazy\" class=\"alignnone  wp-image-6655\" src=\"http:\/\/piver-hauts-de-france.org\/wp-content\/uploads\/2016\/08\/logo_ahdf-region-300x170.png\" alt=\"logo_ahdf-region\" width=\"259\" height=\"147\" srcset=\"https:\/\/piver-hauts-de-france.org\/wp-content\/uploads\/2016\/08\/logo_ahdf-region-300x170.png 300w, https:\/\/piver-hauts-de-france.org\/wp-content\/uploads\/2016\/08\/logo_ahdf-region-992x562.png 992w, https:\/\/piver-hauts-de-france.org\/wp-content\/uploads\/2016\/08\/logo_ahdf-region-600x340.png 600w, https:\/\/piver-hauts-de-france.org\/wp-content\/uploads\/2016\/08\/logo_ahdf-region.png 1199w\" sizes=\"(max-width: 259px) 100vw, 259px\" \/><a href=\"https:\/\/piver-hauts-de-france.org\/?attachment_id=10794\" rel=\"attachment wp-att-10794\"><img loading=\"lazy\" class=\"alignnone size-full wp-image-10794\" src=\"http:\/\/piver-hauts-de-france.org\/wp-content\/uploads\/2016\/08\/LOGO_INSEE_3.1_112x140-1.jpg\" alt=\"\" width=\"112\" height=\"140\" \/><\/a> <\/span><\/center>\n<p data-wp-editing=\"1\">\u00a0<\/p>\n\n\n<div class=\"wp-container-1 wp-block-group\"><div class=\"wp-block-group__inner-container\"><\/div><\/div>\n","protected":false},"excerpt":{"rendered":"<p>La plateforme d&rsquo;information et de valorisation des \u00e9tudes dans la r\u00e9gion (piver) est une instance de concertation ouverte \u00e0 l&rsquo;ensemble des institutions publiques qui \u0153uvrent dans les domaines de l&rsquo;observation et de l&rsquo;analyse socio-\u00e9conomique en Hauts-de-France, par la mise en r\u00e9seau de leurs savoirs et de leurs travaux. Services de l\u2019\u00c9tat, collectivit\u00e9s territoriales, chambres consulaires, [&hellip;]<\/p>\n","protected":false},"author":1,"featured_media":10795,"parent":0,"menu_order":0,"comment_status":"closed","ping_status":"closed","template":"","meta":[],"_links":{"self":[{"href":"https:\/\/piver-hauts-de-france.org\/index.php?rest_route=\/wp\/v2\/pages\/3040"}],"collection":[{"href":"https:\/\/piver-hauts-de-france.org\/index.php?rest_route=\/wp\/v2\/pages"}],"about":[{"href":"https:\/\/piver-hauts-de-france.org\/index.php?rest_route=\/wp\/v2\/types\/page"}],"author":[{"embeddable":true,"href":"https:\/\/piver-hauts-de-france.org\/index.php?rest_route=\/wp\/v2\/users\/1"}],"replies":[{"embeddable":true,"href":"https:\/\/piver-hauts-de-france.org\/index.php?rest_route=%2Fwp%2Fv2%2Fcomments&post=3040"}],"version-history":[{"count":27,"href":"https:\/\/piver-hauts-de-france.org\/index.php?rest_route=\/wp\/v2\/pages\/3040\/revisions"}],"predecessor-version":[{"id":10801,"href":"https:\/\/piver-hauts-de-france.org\/index.php?rest_route=\/wp\/v2\/pages\/3040\/revisions\/10801"}],"wp:featuredmedia":[{"embeddable":true,"href":"https:\/\/piver-hauts-de-france.org\/index.php?rest_route=\/wp\/v2\/media\/10795"}],"wp:attachment":[{"href":"https:\/\/piver-hauts-de-france.org\/index.php?rest_route=%2Fwp%2Fv2%2Fmedia&parent=3040"}],"curies":[{"name":"wp","href":"https:\/\/api.w.org\/{rel}","templated":true}]}}